{"id":562,"date":"2018-10-25T18:44:48","date_gmt":"2018-10-25T22:44:48","guid":{"rendered":"http:\/\/canadianfee.wpengine.com\/?page_id=562\/"},"modified":"2018-10-25T18:44:48","modified_gmt":"2018-10-25T22:44:48","slug":"conseil-dadministration","status":"publish","type":"page","link":"https:\/\/cfee.org\/fr\/au-sujet\/conseil-dadministration\/","title":{"rendered":"Conseil d&#8217;administration"},"content":{"rendered":"<p>Le travail de la FCEE est supervis\u00e9 et gouvern\u00e9 par un conseil d\u2019administration b\u00e9n\u00e9vole. Les membres du conseil proviennent de l\u2019ensemble du pays et repr\u00e9sentent les perspectives d\u2019une grande vari\u00e9t\u00e9 de groupes d\u2019intervenants. La FCEE s\u2019engage \u00e0 maintenir un conseil non partisan et diversifi\u00e9 compos\u00e9 de personnes exceptionnelles pour garantir que nous atteignons et p\u00e9rennisons cet objectif. Nous les remercions pour leurs services.<\/p>\n","protected":false},"excerpt":{"rendered":"<p>Le travail de la FCEE est supervis\u00e9 et gouvern\u00e9 par un conseil d\u2019administration b\u00e9n\u00e9vole. Les membres du conseil proviennent de l\u2019ensemble du pays et repr\u00e9sentent les perspectives d\u2019une grande vari\u00e9t\u00e9 de groupes d\u2019intervenants. La FCEE s\u2019engage \u00e0 maintenir un conseil non partisan et diversifi\u00e9 compos\u00e9 de personnes exceptionnelles pour garantir que nous atteignons et p\u00e9rennisons [&hellip;] <a class=\"more\" href=\"https:\/\/cfee.org\/fr\/au-sujet\/conseil-dadministration\/\">Lisez plus<\/a><\/p>\n","protected":false},"author":2,"featured_media":0,"parent":366,"menu_order":0,"comment_status":"open","ping_status":"open","template":"page-board-of-directors.php","meta":{"_acf_changed":false,"footnotes":""},"class_list":["post-562","page","type-page","status-publish","hentry"],"acf":[],"_links":{"self":[{"href":"https:\/\/cfee.org\/fr\/wp-json\/wp\/v2\/pages\/562","targetHints":{"allow":["GET"]}}],"collection":[{"href":"https:\/\/cfee.org\/fr\/wp-json\/wp\/v2\/pages"}],"about":[{"href":"https:\/\/cfee.org\/fr\/wp-json\/wp\/v2\/types\/page"}],"author":[{"embeddable":true,"href":"https:\/\/cfee.org\/fr\/wp-json\/wp\/v2\/users\/2"}],"replies":[{"embeddable":true,"href":"https:\/\/cfee.org\/fr\/wp-json\/wp\/v2\/comments?post=562"}],"version-history":[{"count":0,"href":"https:\/\/cfee.org\/fr\/wp-json\/wp\/v2\/pages\/562\/revisions"}],"up":[{"embeddable":true,"href":"https:\/\/cfee.org\/fr\/wp-json\/wp\/v2\/pages\/366"}],"wp:attachment":[{"href":"https:\/\/cfee.org\/fr\/wp-json\/wp\/v2\/media?parent=562"}],"curies":[{"name":"wp","href":"https:\/\/api.w.org\/{rel}","templated":true}]}}