{"id":4847,"date":"2024-09-30T12:15:12","date_gmt":"2024-09-30T16:15:12","guid":{"rendered":"https:\/\/cfee.org\/?page_id=4847"},"modified":"2024-09-30T12:15:12","modified_gmt":"2024-09-30T16:15:12","slug":"reconnaissance-des-terres","status":"publish","type":"page","link":"https:\/\/cfee.org\/fr\/reconnaissance-des-terres\/","title":{"rendered":"Reconnaissance des terres"},"content":{"rendered":"<p style=\"text-align: left;\">La FCEE reconna\u00eet que notre bureau \u00e0 Toronto est situ\u00e9 sur le territoire traditionnel de nombreuses nations, dont les Mississaugas de Credit, les Anishinaabeg, les Chippewa, les Haudenosaunee et les Wendat. Nous reconnaissons \u00e9galement que notre travail \u00e0 travers le Canada s\u2019\u00e9tend sur les terres ancestrales de l\u2019\u00cele de la Tortue, un lieu de vie, de terre et d\u2019identit\u00e9 autochtone, et nous honorons les diverses cultures et connaissances des peuples autochtones en tant que gardiens traditionnels de cette terre.<\/p>\n<p><a href=\"https:\/\/cfee.org\/wp-content\/uploads\/2024\/09\/matt-thomason-YBLvEQ6npQo-unsplash-scaled.jpg\"><img loading=\"lazy\" decoding=\"async\" class=\"aligncenter wp-image-4843 size-full\" src=\"https:\/\/cfee.org\/wp-content\/uploads\/2024\/09\/matt-thomason-YBLvEQ6npQo-unsplash-scaled.jpg\" alt=\"\" width=\"2560\" height=\"1578\" srcset=\"https:\/\/cfee.org\/wp-content\/uploads\/2024\/09\/matt-thomason-YBLvEQ6npQo-unsplash-scaled.jpg 2560w, https:\/\/cfee.org\/wp-content\/uploads\/2024\/09\/matt-thomason-YBLvEQ6npQo-unsplash-300x185.jpg 300w, https:\/\/cfee.org\/wp-content\/uploads\/2024\/09\/matt-thomason-YBLvEQ6npQo-unsplash-1024x631.jpg 1024w, https:\/\/cfee.org\/wp-content\/uploads\/2024\/09\/matt-thomason-YBLvEQ6npQo-unsplash-768x474.jpg 768w, https:\/\/cfee.org\/wp-content\/uploads\/2024\/09\/matt-thomason-YBLvEQ6npQo-unsplash-1536x947.jpg 1536w, https:\/\/cfee.org\/wp-content\/uploads\/2024\/09\/matt-thomason-YBLvEQ6npQo-unsplash-2048x1263.jpg 2048w, https:\/\/cfee.org\/wp-content\/uploads\/2024\/09\/matt-thomason-YBLvEQ6npQo-unsplash-104x64.jpg 104w, https:\/\/cfee.org\/wp-content\/uploads\/2024\/09\/matt-thomason-YBLvEQ6npQo-unsplash-200x123.jpg 200w, https:\/\/cfee.org\/wp-content\/uploads\/2024\/09\/matt-thomason-YBLvEQ6npQo-unsplash-268x165.jpg 268w, https:\/\/cfee.org\/wp-content\/uploads\/2024\/09\/matt-thomason-YBLvEQ6npQo-unsplash-474x292.jpg 474w, https:\/\/cfee.org\/wp-content\/uploads\/2024\/09\/matt-thomason-YBLvEQ6npQo-unsplash-88x54.jpg 88w\" sizes=\"auto, (max-width: 2560px) 100vw, 2560px\" \/><\/a><\/p>\n","protected":false},"excerpt":{"rendered":"<p>La FCEE reconna\u00eet que notre bureau \u00e0 Toronto est situ\u00e9 sur le territoire traditionnel de nombreuses nations, dont les Mississaugas de Credit, les Anishinaabeg, les Chippewa, les Haudenosaunee et les Wendat. Nous reconnaissons \u00e9galement que notre travail \u00e0 travers le Canada s\u2019\u00e9tend sur les terres ancestrales de l\u2019\u00cele de la Tortue, un lieu de vie, [&hellip;] <a class=\"more\" href=\"https:\/\/cfee.org\/fr\/reconnaissance-des-terres\/\">Lisez plus<\/a><\/p>\n","protected":false},"author":2,"featured_media":4840,"parent":0,"menu_order":0,"comment_status":"closed","ping_status":"closed","template":"","meta":{"_acf_changed":false,"footnotes":""},"class_list":["post-4847","page","type-page","status-publish","has-post-thumbnail","hentry"],"acf":[],"_links":{"self":[{"href":"https:\/\/cfee.org\/fr\/wp-json\/wp\/v2\/pages\/4847","targetHints":{"allow":["GET"]}}],"collection":[{"href":"https:\/\/cfee.org\/fr\/wp-json\/wp\/v2\/pages"}],"about":[{"href":"https:\/\/cfee.org\/fr\/wp-json\/wp\/v2\/types\/page"}],"author":[{"embeddable":true,"href":"https:\/\/cfee.org\/fr\/wp-json\/wp\/v2\/users\/2"}],"replies":[{"embeddable":true,"href":"https:\/\/cfee.org\/fr\/wp-json\/wp\/v2\/comments?post=4847"}],"version-history":[{"count":0,"href":"https:\/\/cfee.org\/fr\/wp-json\/wp\/v2\/pages\/4847\/revisions"}],"wp:featuredmedia":[{"embeddable":true,"href":"https:\/\/cfee.org\/fr\/wp-json\/wp\/v2\/media\/4840"}],"wp:attachment":[{"href":"https:\/\/cfee.org\/fr\/wp-json\/wp\/v2\/media?parent=4847"}],"curies":[{"name":"wp","href":"https:\/\/api.w.org\/{rel}","templated":true}]}}